{"id":8154,"date":"2023-12-18T18:27:45","date_gmt":"2023-12-18T18:27:45","guid":{"rendered":"https:\/\/arteglam.com\/glamour-vegan\/"},"modified":"2024-02-15T15:20:35","modified_gmt":"2024-02-15T15:20:35","slug":"glamour-vegan","status":"publish","type":"page","link":"https:\/\/arteglam.com\/pt-pt\/glamour-vegan\/","title":{"rendered":"Glamour vegan"},"content":{"rendered":"\n<h2 class=\"wp-block-heading\">Mergulhe na eleg\u00e2ncia da compaix\u00e3o e do luxo puro<\/h2>\n\n<figure class=\"wp-block-image size-large\"><img fetchpriority=\"high\" decoding=\"async\" width=\"1024\" height=\"678\" src=\"https:\/\/arteglam.com\/wp-content\/uploads\/2023\/12\/woman-3551832-1024x678.jpg\" alt=\"\" class=\"wp-image-4705\" srcset=\"https:\/\/arteglam.com\/wp-content\/uploads\/2023\/12\/woman-3551832-1024x678.jpg 1024w, https:\/\/arteglam.com\/wp-content\/uploads\/2023\/12\/woman-3551832-scaled-599x397.jpg 599w, https:\/\/arteglam.com\/wp-content\/uploads\/2023\/12\/woman-3551832-300x199.jpg 300w, https:\/\/arteglam.com\/wp-content\/uploads\/2023\/12\/woman-3551832-767x508.jpg 767w, https:\/\/arteglam.com\/wp-content\/uploads\/2023\/12\/woman-3551832-1536x1018.jpg 1536w, https:\/\/arteglam.com\/wp-content\/uploads\/2023\/12\/woman-3551832-2048x1357.jpg 2048w, https:\/\/arteglam.com\/wp-content\/uploads\/2023\/12\/woman-3551832-18x12.jpg 18w, https:\/\/arteglam.com\/wp-content\/uploads\/2023\/12\/woman-3551832-226x150.jpg 226w, https:\/\/arteglam.com\/wp-content\/uploads\/2023\/12\/woman-3551832-100x66.jpg 100w, https:\/\/arteglam.com\/wp-content\/uploads\/2023\/12\/woman-3551832-528x350.jpg 528w, https:\/\/arteglam.com\/wp-content\/uploads\/2023\/12\/woman-3551832-788x522.jpg 788w\" sizes=\"(max-width: 1024px) 100vw, 1024px\" \/><\/figure>\n\n<h4 class=\"wp-block-heading\">EcoLux Artistry<\/h4>\n\n<p>Bem-vindo ao nosso espa\u00e7o dedicado onde o luxo se encontra com a consci\u00eancia. A Art &amp; Glam tem o prazer de apresentar uma cole\u00e7\u00e3o exclusiva de produtos e servi\u00e7os artesanais veganos de glamour \u00e9tico. Cada pe\u00e7a \u00e9 um testemunho da arte do luxo sustent\u00e1vel &#8211; que n\u00e3o compromete o estilo ou a \u00e9tica.<\/p>\n\n<figure class=\"wp-block-image size-large\"><img decoding=\"async\" width=\"1024\" height=\"685\" src=\"https:\/\/arteglam.com\/wp-content\/uploads\/2021\/03\/C1E70461-9C69-4206-B9BF-2F802D85F4B0-1024x685.jpeg\" alt=\"\" class=\"wp-image-2031\" srcset=\"https:\/\/arteglam.com\/wp-content\/uploads\/2021\/03\/C1E70461-9C69-4206-B9BF-2F802D85F4B0-1024x685.jpeg 1024w, https:\/\/arteglam.com\/wp-content\/uploads\/2021\/03\/C1E70461-9C69-4206-B9BF-2F802D85F4B0-599x401.jpeg 599w, https:\/\/arteglam.com\/wp-content\/uploads\/2021\/03\/C1E70461-9C69-4206-B9BF-2F802D85F4B0-300x201.jpeg 300w, https:\/\/arteglam.com\/wp-content\/uploads\/2021\/03\/C1E70461-9C69-4206-B9BF-2F802D85F4B0-768x514.jpeg 768w, https:\/\/arteglam.com\/wp-content\/uploads\/2021\/03\/C1E70461-9C69-4206-B9BF-2F802D85F4B0-1536x1028.jpeg 1536w, https:\/\/arteglam.com\/wp-content\/uploads\/2021\/03\/C1E70461-9C69-4206-B9BF-2F802D85F4B0-465x311.jpeg 465w, https:\/\/arteglam.com\/wp-content\/uploads\/2021\/03\/C1E70461-9C69-4206-B9BF-2F802D85F4B0-695x465.jpeg 695w, https:\/\/arteglam.com\/wp-content\/uploads\/2021\/03\/C1E70461-9C69-4206-B9BF-2F802D85F4B0.jpeg 1614w\" sizes=\"(max-width: 1024px) 100vw, 1024px\" \/><\/figure>\n\n<h4 class=\"wp-block-heading\">A nossa filosofia<\/h4>\n\n<p>Num mundo em que a moda e o luxo s\u00e3o frequentemente acompanhados de compromissos \u00e9ticos, atrevemo-nos a sonhar de forma diferente. ArteGlamVegan \u00e9 mais do que uma marca; \u00e9 uma revolu\u00e7\u00e3o no panorama do luxo. Oferecemos um santu\u00e1rio para a alma consciente que anseia por beleza sem sacrif\u00edcio &#8211; um lugar onde cada escolha \u00e9 um testemunho da nossa harmonia com a natureza.<\/p>\n\n<div class=\"wp-block-media-text is-stacked-on-mobile\"><figure class=\"wp-block-media-text__media\"><img decoding=\"async\" width=\"678\" height=\"1024\" src=\"https:\/\/arteglam.com\/wp-content\/uploads\/2023\/12\/Natasha_Sandy_Style_Beach-678x1024.jpg\" alt=\"\" class=\"wp-image-4716 size-full\" srcset=\"https:\/\/arteglam.com\/wp-content\/uploads\/2023\/12\/Natasha_Sandy_Style_Beach-678x1024.jpg 678w, https:\/\/arteglam.com\/wp-content\/uploads\/2023\/12\/Natasha_Sandy_Style_Beach-scaled-600x905.jpg 600w, https:\/\/arteglam.com\/wp-content\/uploads\/2023\/12\/Natasha_Sandy_Style_Beach-199x300.jpg 199w, https:\/\/arteglam.com\/wp-content\/uploads\/2023\/12\/Natasha_Sandy_Style_Beach-768x1159.jpg 768w, https:\/\/arteglam.com\/wp-content\/uploads\/2023\/12\/Natasha_Sandy_Style_Beach-1017x1536.jpg 1017w, https:\/\/arteglam.com\/wp-content\/uploads\/2023\/12\/Natasha_Sandy_Style_Beach-1356x2048.jpg 1356w, https:\/\/arteglam.com\/wp-content\/uploads\/2023\/12\/Natasha_Sandy_Style_Beach-8x12.jpg 8w, https:\/\/arteglam.com\/wp-content\/uploads\/2023\/12\/Natasha_Sandy_Style_Beach-99x150.jpg 99w, https:\/\/arteglam.com\/wp-content\/uploads\/2023\/12\/Natasha_Sandy_Style_Beach-100x151.jpg 100w, https:\/\/arteglam.com\/wp-content\/uploads\/2023\/12\/Natasha_Sandy_Style_Beach-232x350.jpg 232w, https:\/\/arteglam.com\/wp-content\/uploads\/2023\/12\/Natasha_Sandy_Style_Beach-788x1189.jpg 788w, https:\/\/arteglam.com\/wp-content\/uploads\/2023\/12\/Natasha_Sandy_Style_Beach-scaled.jpg 1696w\" sizes=\"(max-width: 678px) 100vw, 678px\" \/><\/figure><div class=\"wp-block-media-text__content\">\n<h4 class=\"wp-block-heading\">A nossa promessa<\/h4>\n\n\n\n<p>Acreditamos que o verdadeiro luxo reside na integridade da cria\u00e7\u00e3o. A nossa promessa \u00e9 simples:<\/p>\n\n\n\n<p><strong>Autenticidade:<\/strong> Seleccionamos os nossos materiais com o maior cuidado, garantindo que cumprem os mais elevados padr\u00f5es de \u00e9tica vegan e responsabilidade ambiental.<br\/><strong>Transpar\u00eancia:<\/strong> Da semente ao showroom, abrimos as nossas portas e expomos os nossos processos porque a confian\u00e7a \u00e9 a pedra angular do verdadeiro luxo.<br\/><strong>Qualidade: <\/strong>Os nossos artes\u00e3os criam cada pe\u00e7a com uma mistura de t\u00e9cnicas tradicionais e pr\u00e1ticas ecol\u00f3gicas inovadoras, proporcionando um luxo duradouro.<\/p>\n<\/div><\/div>\n\n<h4 class=\"wp-block-heading\">A nossa cole\u00e7\u00e3o Vegan Ethical<\/h4>\n\n<p>A ArteGlamVegan orgulha-se de apresentar uma sele\u00e7\u00e3o de produtos veganos da mais alta qualidade:<\/p>\n\n<p><strong>Alta Costura:<\/strong> Descubra a moda que diz muito sobre os seus valores sem nunca comprometer o estilo.<\/p>\n\n<p><strong>Vestu\u00e1rio Vegan Glamour:<\/strong> Explore a nossa gama de vestu\u00e1rio fabricado com materiais sustent\u00e1veis. O nosso vestu\u00e1rio vegan de luxo \u00e9 concebido por artes\u00e3os que utilizam materiais inovadores e isentos de crueldade para criar estilos modernos.<\/p>\n\n<p><strong>Artigos em pele vegan: <\/strong>Delicie-se com a opul\u00eancia da nossa gama de artigos em pele vegan sem crueldade, fabricados com precis\u00e3o e cuidado.<\/p>\n\n<p><strong>J\u00f3ias finas \u00e9ticas:<\/strong> Adorne-se com pe\u00e7as elegantes da nossa linha de j\u00f3ias veganas que contam uma hist\u00f3ria de compromisso com a beleza, a justi\u00e7a e a Terra. Os nossos artes\u00e3os utilizam materiais de origem \u00e9tica para criar designs deslumbrantes que brilham com responsabilidade.<\/p>\n\n<p><strong>Maravilhas artesanais:<\/strong> Explore um tesouro de decora\u00e7\u00e3o artesanal, concebida e criada por artes\u00e3os veganos qualificados de todo o mundo.<\/p>\n\n<p><strong>Cal\u00e7ado sustent\u00e1vel:<\/strong> Entre no futuro com a nossa cole\u00e7\u00e3o de cal\u00e7ado elegante, dur\u00e1vel e totalmente vegan.<\/p>\n\n<p><strong>Cuidados de beleza \u00e0 base de plantas: <\/strong>Delicie-se com produtos de beleza que s\u00e3o bons para a sua pele e para o ambiente. Os nossos produtos de beleza vegan s\u00e3o isentos de produtos e testes em animais, garantindo uma experi\u00eancia de mimo sem culpa.<\/p>\n\n<p><strong>Acess\u00f3rios veganos:<\/strong> Desde malas de m\u00e3o a cintos, os nossos acess\u00f3rios vegan s\u00e3o fabricados com alternativas de alta qualidade ao couro e \u00e0 seda, concebidos por artes\u00e3os qualificados que d\u00e3o prioridade ao planeta.<\/p>\n\n<p><strong>Decora\u00e7\u00e3o e mobili\u00e1rio para casa:<\/strong> Embeleze o seu espa\u00e7o com a nossa sele\u00e7\u00e3o de artigos de decora\u00e7\u00e3o vegan. Cada pe\u00e7a \u00e9 uma fonte de conversa, mostrando as possibilidades do luxo sustent\u00e1vel.<\/p>\n\n<figure class=\"wp-block-image size-large\"><img loading=\"lazy\" decoding=\"async\" width=\"1024\" height=\"683\" src=\"https:\/\/arteglam.com\/wp-content\/uploads\/2023\/12\/bride-1486004-1024x683.jpg\" alt=\"\" class=\"wp-image-4699\" srcset=\"https:\/\/arteglam.com\/wp-content\/uploads\/2023\/12\/bride-1486004-1024x683.jpg 1024w, https:\/\/arteglam.com\/wp-content\/uploads\/2023\/12\/bride-1486004-scaled-600x400.jpg 600w, https:\/\/arteglam.com\/wp-content\/uploads\/2023\/12\/bride-1486004-300x200.jpg 300w, https:\/\/arteglam.com\/wp-content\/uploads\/2023\/12\/bride-1486004-768x512.jpg 768w, https:\/\/arteglam.com\/wp-content\/uploads\/2023\/12\/bride-1486004-1536x1024.jpg 1536w, https:\/\/arteglam.com\/wp-content\/uploads\/2023\/12\/bride-1486004-2048x1365.jpg 2048w, https:\/\/arteglam.com\/wp-content\/uploads\/2023\/12\/bride-1486004-18x12.jpg 18w, https:\/\/arteglam.com\/wp-content\/uploads\/2023\/12\/bride-1486004-225x150.jpg 225w, https:\/\/arteglam.com\/wp-content\/uploads\/2023\/12\/bride-1486004-100x67.jpg 100w, https:\/\/arteglam.com\/wp-content\/uploads\/2023\/12\/bride-1486004-525x350.jpg 525w, https:\/\/arteglam.com\/wp-content\/uploads\/2023\/12\/bride-1486004-788x525.jpg 788w\" sizes=\"(max-width: 1024px) 100vw, 1024px\" \/><\/figure>\n\n<h4 class=\"wp-block-heading\">Cria\u00e7\u00f5es veganas \u00e0 medida<\/h4>\n\n<p>O nosso servi\u00e7o personalizado permite-lhe encomendar artigos feitos \u00e0 medida que se enquadram no seu estilo de vida vegan. Colabore com os nossos artes\u00e3os para criar pe\u00e7as personalizadas que s\u00e3o t\u00e3o \u00fanicas como a sua \u00e9tica.<\/p>\n\n<figure class=\"wp-block-image size-large\"><img loading=\"lazy\" decoding=\"async\" width=\"1024\" height=\"682\" src=\"https:\/\/arteglam.com\/wp-content\/uploads\/2023\/12\/matcha-2356768_1280-1024x682.jpg\" alt=\"\" class=\"wp-image-4709\" srcset=\"https:\/\/arteglam.com\/wp-content\/uploads\/2023\/12\/matcha-2356768_1280-1024x682.jpg 1024w, https:\/\/arteglam.com\/wp-content\/uploads\/2023\/12\/matcha-2356768_1280-599x399.jpg 599w, https:\/\/arteglam.com\/wp-content\/uploads\/2023\/12\/matcha-2356768_1280-300x200.jpg 300w, https:\/\/arteglam.com\/wp-content\/uploads\/2023\/12\/matcha-2356768_1280-767x511.jpg 767w, https:\/\/arteglam.com\/wp-content\/uploads\/2023\/12\/matcha-2356768_1280-1536x1024.jpg 1536w, https:\/\/arteglam.com\/wp-content\/uploads\/2023\/12\/matcha-2356768_1280-2048x1365.jpg 2048w, https:\/\/arteglam.com\/wp-content\/uploads\/2023\/12\/matcha-2356768_1280-18x12.jpg 18w, https:\/\/arteglam.com\/wp-content\/uploads\/2023\/12\/matcha-2356768_1280-225x150.jpg 225w, https:\/\/arteglam.com\/wp-content\/uploads\/2023\/12\/matcha-2356768_1280-100x67.jpg 100w, https:\/\/arteglam.com\/wp-content\/uploads\/2023\/12\/matcha-2356768_1280-525x350.jpg 525w, https:\/\/arteglam.com\/wp-content\/uploads\/2023\/12\/matcha-2356768_1280-788x525.jpg 788w, https:\/\/arteglam.com\/wp-content\/uploads\/2023\/12\/matcha-2356768_1280.jpg 1280w\" sizes=\"(max-width: 1024px) 100vw, 1024px\" \/><\/figure>\n\n<h4 class=\"wp-block-heading\">O nosso impacto<\/h4>\n\n<p>Cada pe\u00e7a que compra na ArteGlamVegan \u00e9 um passo em dire\u00e7\u00e3o a um mundo mais compassivo. Doamos uma parte dos nossos lucros a organiza\u00e7\u00f5es ambientais e de bem-estar animal porque n\u00e3o estamos apenas a vender produtos &#8211; estamos a construir um movimento.<\/p>\n\n<figure class=\"wp-block-image size-large\"><img loading=\"lazy\" decoding=\"async\" width=\"1024\" height=\"683\" src=\"https:\/\/arteglam.com\/wp-content\/uploads\/2023\/12\/environmental-protection-326923_1920-1024x683.jpg\" alt=\"\" class=\"wp-image-4711\" srcset=\"https:\/\/arteglam.com\/wp-content\/uploads\/2023\/12\/environmental-protection-326923_1920-1024x683.jpg 1024w, https:\/\/arteglam.com\/wp-content\/uploads\/2023\/12\/environmental-protection-326923_1920-600x400.jpg 600w, https:\/\/arteglam.com\/wp-content\/uploads\/2023\/12\/environmental-protection-326923_1920-300x200.jpg 300w, https:\/\/arteglam.com\/wp-content\/uploads\/2023\/12\/environmental-protection-326923_1920-768x512.jpg 768w, https:\/\/arteglam.com\/wp-content\/uploads\/2023\/12\/environmental-protection-326923_1920-1536x1024.jpg 1536w, https:\/\/arteglam.com\/wp-content\/uploads\/2023\/12\/environmental-protection-326923_1920-2048x1365.jpg 2048w, https:\/\/arteglam.com\/wp-content\/uploads\/2023\/12\/environmental-protection-326923_1920-18x12.jpg 18w, https:\/\/arteglam.com\/wp-content\/uploads\/2023\/12\/environmental-protection-326923_1920-225x150.jpg 225w, https:\/\/arteglam.com\/wp-content\/uploads\/2023\/12\/environmental-protection-326923_1920-100x67.jpg 100w, https:\/\/arteglam.com\/wp-content\/uploads\/2023\/12\/environmental-protection-326923_1920-525x350.jpg 525w, https:\/\/arteglam.com\/wp-content\/uploads\/2023\/12\/environmental-protection-326923_1920-788x525.jpg 788w, https:\/\/arteglam.com\/wp-content\/uploads\/2023\/12\/environmental-protection-326923_1920.jpg 1920w\" sizes=\"(max-width: 1024px) 100vw, 1024px\" \/><\/figure>\n\n<h4 class=\"wp-block-heading\">Junte-se ao movimento<\/h4>\n\n<p>Fa\u00e7a parte da comunidade Art &amp; Glam que celebra e apoia o artesanato \u00e9tico. Pode:<\/p>\n\n<p><strong>Tornar-se membro: <\/strong>Junte-se ao Classy Club para ter acesso exclusivo a colec\u00e7\u00f5es artesanais veganas e servi\u00e7os personalizados.<br\/><strong>Participar em eventos e workshops<\/strong>: Aprenda sobre materiais veganos e pr\u00e1ticas sustent\u00e1veis nos nossos eventos seleccionados.<br\/><strong>Ligar aos consultores de estilo:<\/strong> Os nossos consultores est\u00e3o prontos para o orientar para as escolhas de luxo \u00e9tico perfeitas.<br\/>Descubra, compre e apoie a arte \u00e9tica<br\/><strong>Comprar agora<\/strong> &#8211; Veja a nossa cole\u00e7\u00e3o exclusiva para veganos.<\/p>\n\n<p><strong>Saiba mais<\/strong> &#8211; Sobre o nosso compromisso com a sustentabilidade e o luxo \u00e9tico.<\/p>\n\n<p><strong>Contacte-nos <\/strong>&#8211; Para quest\u00f5es ou para falar com um consultor de estilo sobre a nossa gama vegan.<\/p>\n\n<h1 class=\"wp-block-heading\">ArteGlamVegan | Partilhe o seu estilo sustent\u00e1vel<\/h1>\n","protected":false},"excerpt":{"rendered":"<p>Mergulhe na eleg\u00e2ncia da compaix\u00e3o e do luxo puro EcoLux Artistry Bem-vindo ao nosso espa\u00e7o dedicado onde o luxo se encontra com a consci\u00eancia. A Art &amp; Glam tem o prazer de apresentar uma cole\u00e7\u00e3o exclusiva de produtos e servi\u00e7os artesanais veganos de glamour \u00e9tico. Cada pe\u00e7a \u00e9 um testemunho da arte do luxo sustent\u00e1vel [&hellip;]<\/p>\n","protected":false},"author":1,"featured_media":0,"parent":0,"menu_order":0,"comment_status":"closed","ping_status":"closed","template":"","meta":{"footnotes":""},"folder":[],"class_list":["post-8154","page","type-page","status-publish","hentry"],"_links":{"self":[{"href":"https:\/\/arteglam.com\/pt-pt\/wp-json\/wp\/v2\/pages\/8154","targetHints":{"allow":["GET"]}}],"collection":[{"href":"https:\/\/arteglam.com\/pt-pt\/wp-json\/wp\/v2\/pages"}],"about":[{"href":"https:\/\/arteglam.com\/pt-pt\/wp-json\/wp\/v2\/types\/page"}],"author":[{"embeddable":true,"href":"https:\/\/arteglam.com\/pt-pt\/wp-json\/wp\/v2\/users\/1"}],"replies":[{"embeddable":true,"href":"https:\/\/arteglam.com\/pt-pt\/wp-json\/wp\/v2\/comments?post=8154"}],"version-history":[{"count":1,"href":"https:\/\/arteglam.com\/pt-pt\/wp-json\/wp\/v2\/pages\/8154\/revisions"}],"predecessor-version":[{"id":8158,"href":"https:\/\/arteglam.com\/pt-pt\/wp-json\/wp\/v2\/pages\/8154\/revisions\/8158"}],"wp:attachment":[{"href":"https:\/\/arteglam.com\/pt-pt\/wp-json\/wp\/v2\/media?parent=8154"}],"wp:term":[{"taxonomy":"folder","embeddable":true,"href":"https:\/\/arteglam.com\/pt-pt\/wp-json\/wp\/v2\/folder?post=8154"}],"curies":[{"name":"wp","href":"https:\/\/api.w.org\/{rel}","templated":true}]}}