{"id":8139,"date":"2021-12-27T21:20:13","date_gmt":"2021-12-27T21:20:13","guid":{"rendered":"https:\/\/arteglam.com\/politique-dannulation\/"},"modified":"2024-02-15T15:20:33","modified_gmt":"2024-02-15T15:20:33","slug":"politique-dannulation","status":"publish","type":"page","link":"https:\/\/arteglam.com\/fr\/politique-dannulation\/","title":{"rendered":"Politique d&rsquo;annulation"},"content":{"rendered":"\n<h3 class=\"wp-block-heading\"><strong>Annulation<\/strong><\/h3>\n\n<p>Dans la plupart des cas, il n&rsquo;est pas possible d&rsquo;annuler une commande apr\u00e8s l&rsquo;avoir pass\u00e9e, car le processus d&rsquo;ex\u00e9cution commence imm\u00e9diatement pour la plupart des commandes (des exceptions s&rsquo;appliquent, par exemple pour les produits ayant des d\u00e9lais de livraison).<\/p>\n\n<p><strong><u>Si vous souhaitez essayer d&rsquo;annuler votre commande :<\/u><\/strong><\/p>\n\n<p>Visitez notre centre d&rsquo;aide et r\u00e9pondez \u00e0 quelques questions interactives rapides. S&rsquo;il est possible d&rsquo;annuler votre commande, le d\u00e9taillant vous informera qu&rsquo;il a pu le faire. S&rsquo;il n&rsquo;est pas possible d&rsquo;annuler, par exemple si votre commande a d\u00e9j\u00e0 \u00e9t\u00e9 exp\u00e9di\u00e9e, vous devrez attendre la livraison et renvoyer les marchandises.<\/p>\n\n<h3 class=\"wp-block-heading\">Modifications<\/h3>\n\n<p>Dans certains cas, il peut \u00eatre possible d&rsquo;apporter des modifications de base \u00e0 votre commande, uniquement si celle-ci n&rsquo;a pas encore \u00e9t\u00e9 confirm\u00e9e ou exp\u00e9di\u00e9e par un d\u00e9taillant. Les modifications de base consistent \u00e0 changer la taille ou la couleur d&rsquo;un article, ou \u00e0 apporter une modification mineure \u00e0 une adresse de livraison. Il n&rsquo;est pas possible de remplacer un article par un autre dont la valeur est diff\u00e9rente, ni de changer enti\u00e8rement l&rsquo;adresse de livraison d&rsquo;une adresse \u00e0 l&rsquo;autre.<\/p>\n\n<p><strong><u>Si vous souhaitez modifier votre commande<\/u><\/strong><\/p>\n\n<p>Visitez notre centre d&rsquo;aide et r\u00e9pondez \u00e0 quelques questions interactives rapides. S&rsquo;il n&rsquo;est pas possible de modifier votre commande, par exemple si elle a d\u00e9j\u00e0 \u00e9t\u00e9 exp\u00e9di\u00e9e, vous devrez attendre la livraison et renvoyer la marchandise. Si l&rsquo;adresse de livraison que vous avez saisie est incorrecte et que vous n&rsquo;avez pas pu la mettre \u00e0 jour, cliquez ici pour plus d&rsquo;informations.<\/p>\n","protected":false},"excerpt":{"rendered":"<p>Annulation Dans la plupart des cas, il n&rsquo;est pas possible d&rsquo;annuler une commande apr\u00e8s l&rsquo;avoir pass\u00e9e, car le processus d&rsquo;ex\u00e9cution commence imm\u00e9diatement pour la plupart des commandes (des exceptions s&rsquo;appliquent, par exemple pour les produits ayant des d\u00e9lais de livraison). Si vous souhaitez essayer d&rsquo;annuler votre commande : Visitez notre centre d&rsquo;aide et r\u00e9pondez \u00e0 [&hellip;]<\/p>\n","protected":false},"author":1,"featured_media":0,"parent":0,"menu_order":0,"comment_status":"closed","ping_status":"closed","template":"","meta":{"footnotes":""},"folder":[],"class_list":["post-8139","page","type-page","status-publish","hentry"],"_links":{"self":[{"href":"https:\/\/arteglam.com\/fr\/wp-json\/wp\/v2\/pages\/8139","targetHints":{"allow":["GET"]}}],"collection":[{"href":"https:\/\/arteglam.com\/fr\/wp-json\/wp\/v2\/pages"}],"about":[{"href":"https:\/\/arteglam.com\/fr\/wp-json\/wp\/v2\/types\/page"}],"author":[{"embeddable":true,"href":"https:\/\/arteglam.com\/fr\/wp-json\/wp\/v2\/users\/1"}],"replies":[{"embeddable":true,"href":"https:\/\/arteglam.com\/fr\/wp-json\/wp\/v2\/comments?post=8139"}],"version-history":[{"count":1,"href":"https:\/\/arteglam.com\/fr\/wp-json\/wp\/v2\/pages\/8139\/revisions"}],"predecessor-version":[{"id":8144,"href":"https:\/\/arteglam.com\/fr\/wp-json\/wp\/v2\/pages\/8139\/revisions\/8144"}],"wp:attachment":[{"href":"https:\/\/arteglam.com\/fr\/wp-json\/wp\/v2\/media?parent=8139"}],"wp:term":[{"taxonomy":"folder","embeddable":true,"href":"https:\/\/arteglam.com\/fr\/wp-json\/wp\/v2\/folder?post=8139"}],"curies":[{"name":"wp","href":"https:\/\/api.w.org\/{rel}","templated":true}]}}