{"id":8164,"date":"2021-12-27T21:20:13","date_gmt":"2021-12-27T21:20:13","guid":{"rendered":"https:\/\/arteglam.com\/stornierungspolitik\/"},"modified":"2024-02-15T15:20:32","modified_gmt":"2024-02-15T15:20:32","slug":"stornierungspolitik","status":"publish","type":"page","link":"https:\/\/arteglam.com\/de\/stornierungspolitik\/","title":{"rendered":"Stornierungspolitik"},"content":{"rendered":"\n<h3 class=\"wp-block-heading\"><strong>Stornierung<\/strong><\/h3>\n\n<p>In den meisten F\u00e4llen ist es nicht m\u00f6glich, eine Bestellung zu stornieren, nachdem sie aufgegeben wurde, da der Erf\u00fcllungsprozess f\u00fcr die meisten Bestellungen sofort beginnt (Ausnahmen gelten z. B. f\u00fcr Produkte mit Vorlaufzeiten).<\/p>\n\n<p><strong><u>Wenn Sie versuchen m\u00f6chten, Ihre Bestellung zu stornieren:<\/u><\/strong><\/p>\n\n<p>Besuchen Sie unser Hilfezentrum und beantworten Sie einige schnelle interaktive Fragen. Wenn es m\u00f6glich ist, Ihre Bestellung zu stornieren, wird der Einzelh\u00e4ndler Ihnen mitteilen, dass dies m\u00f6glich war. Ist eine Stornierung nicht m\u00f6glich, z. B. wenn Ihre Bestellung bereits versandt wurde, m\u00fcssen Sie die Lieferung abwarten und die Waren zur\u00fccksenden.<\/p>\n\n<h3 class=\"wp-block-heading\">\u00c4nderungen<\/h3>\n\n<p>In einigen F\u00e4llen kann es m\u00f6glich sein, grundlegende \u00c4nderungen an Ihrer Bestellung vorzunehmen, allerdings nur, wenn sie noch nicht von einem Einzelh\u00e4ndler best\u00e4tigt oder versandt wurde. Zu den grundlegenden \u00c4nderungen geh\u00f6ren z. B. die \u00c4nderung der Gr\u00f6\u00dfe oder Farbe eines Artikels oder eine geringf\u00fcgige Aktualisierung der Lieferadresse. Es ist nicht m\u00f6glich, einen Artikel in einen anderen umzuwandeln, wenn der Wert unterschiedlich ist, oder die Lieferadresse vollst\u00e4ndig von einer Adresse in eine andere zu \u00e4ndern.<\/p>\n\n<p><strong><u>Wenn Sie versuchen m\u00f6chten, Ihre Bestellung zu \u00e4ndern<\/u><\/strong><\/p>\n\n<p>Besuchen Sie unser Hilfezentrum und beantworten Sie einige schnelle interaktive Fragen. Wenn sie nicht in der Lage sind, Ihre Bestellung zu \u00e4ndern, z. B. wenn Ihre Bestellung bereits versandt wurde, m\u00fcssen Sie auf die Lieferung warten und die Waren zur\u00fcckschicken. Wenn die von Ihnen eingegebene Lieferadresse nicht korrekt war und Sie sie nicht aktualisieren konnten, klicken Sie bitte hier f\u00fcr weitere Informationen.<\/p>\n","protected":false},"excerpt":{"rendered":"<p>Stornierung In den meisten F\u00e4llen ist es nicht m\u00f6glich, eine Bestellung zu stornieren, nachdem sie aufgegeben wurde, da der Erf\u00fcllungsprozess f\u00fcr die meisten Bestellungen sofort beginnt (Ausnahmen gelten z. B. f\u00fcr Produkte mit Vorlaufzeiten). Wenn Sie versuchen m\u00f6chten, Ihre Bestellung zu stornieren: Besuchen Sie unser Hilfezentrum und beantworten Sie einige schnelle interaktive Fragen. Wenn es [&hellip;]<\/p>\n","protected":false},"author":1,"featured_media":0,"parent":0,"menu_order":0,"comment_status":"closed","ping_status":"closed","template":"","meta":{"footnotes":""},"folder":[],"class_list":["post-8164","page","type-page","status-publish","hentry"],"_links":{"self":[{"href":"https:\/\/arteglam.com\/de\/wp-json\/wp\/v2\/pages\/8164","targetHints":{"allow":["GET"]}}],"collection":[{"href":"https:\/\/arteglam.com\/de\/wp-json\/wp\/v2\/pages"}],"about":[{"href":"https:\/\/arteglam.com\/de\/wp-json\/wp\/v2\/types\/page"}],"author":[{"embeddable":true,"href":"https:\/\/arteglam.com\/de\/wp-json\/wp\/v2\/users\/1"}],"replies":[{"embeddable":true,"href":"https:\/\/arteglam.com\/de\/wp-json\/wp\/v2\/comments?post=8164"}],"version-history":[{"count":1,"href":"https:\/\/arteglam.com\/de\/wp-json\/wp\/v2\/pages\/8164\/revisions"}],"predecessor-version":[{"id":8171,"href":"https:\/\/arteglam.com\/de\/wp-json\/wp\/v2\/pages\/8164\/revisions\/8171"}],"wp:attachment":[{"href":"https:\/\/arteglam.com\/de\/wp-json\/wp\/v2\/media?parent=8164"}],"wp:term":[{"taxonomy":"folder","embeddable":true,"href":"https:\/\/arteglam.com\/de\/wp-json\/wp\/v2\/folder?post=8164"}],"curies":[{"name":"wp","href":"https:\/\/api.w.org\/{rel}","templated":true}]}}